{"id":11176,"date":"2025-07-29T20:20:03","date_gmt":"2025-07-29T18:20:03","guid":{"rendered":"https:\/\/nielsbuggeskro.dk\/?page_id=11176"},"modified":"2026-02-26T19:59:19","modified_gmt":"2026-02-26T18:59:19","slug":"vilkaar-for-booking","status":"publish","type":"page","link":"https:\/\/nielsbuggeskro.dk\/en\/vilkaar-for-booking\/","title":{"rendered":"Terms and conditions for booking"},"content":{"rendered":"<div data-elementor-type=\"wp-page\" data-elementor-id=\"11176\" class=\"elementor elementor-11176\" data-elementor-post-type=\"page\">\n\t\t\t\t\t\t<section class=\"elementor-section elementor-top-section elementor-element elementor-element-a1cf6a9 elementor-section-boxed elementor-section-height-default elementor-section-height-default\" data-id=\"a1cf6a9\" data-element_type=\"section\" data-e-type=\"section\" data-settings=\"{&quot;jet_parallax_layout_list&quot;:[]}\">\n\t\t\t\t\t\t<div class=\"elementor-container elementor-column-gap-default\">\n\t\t\t\t\t<div class=\"elementor-column elementor-col-100 elementor-top-column elementor-element elementor-element-0a873bb\" data-id=\"0a873bb\" data-element_type=\"column\" data-e-type=\"column\">\n\t\t\t<div class=\"elementor-widget-wrap elementor-element-populated\">\n\t\t\t\t\t\t<div class=\"elementor-element elementor-element-d1ca06a elementor-widget elementor-widget-heading\" data-id=\"d1ca06a\" data-element_type=\"widget\" data-e-type=\"widget\" data-widget_type=\"heading.default\">\n\t\t\t\t<div class=\"elementor-widget-container\">\n\t\t\t\t\t<h1 class=\"elementor-heading-title elementor-size-default\">Terms and conditions for booking<\/h1>\t\t\t\t<\/div>\n\t\t\t\t<\/div>\n\t\t\t\t\t<\/div>\n\t\t<\/div>\n\t\t\t\t\t<\/div>\n\t\t<\/section>\n\t\t\t\t<section class=\"elementor-section elementor-top-section elementor-element elementor-element-3a6ffd3 elementor-section-boxed elementor-section-height-default elementor-section-height-default\" data-id=\"3a6ffd3\" data-element_type=\"section\" data-e-type=\"section\" data-settings=\"{&quot;jet_parallax_layout_list&quot;:[]}\">\n\t\t\t\t\t\t<div class=\"elementor-container elementor-column-gap-default\">\n\t\t\t\t\t<div class=\"elementor-column elementor-col-100 elementor-top-column elementor-element elementor-element-3db818e\" data-id=\"3db818e\" data-element_type=\"column\" data-e-type=\"column\">\n\t\t\t<div class=\"elementor-widget-wrap elementor-element-populated\">\n\t\t\t\t\t\t<div class=\"elementor-element elementor-element-b0665ca elementor-widget elementor-widget-text-editor\" data-id=\"b0665ca\" data-element_type=\"widget\" data-e-type=\"widget\" data-widget_type=\"text-editor.default\">\n\t\t\t\t<div class=\"elementor-widget-container\">\n\t\t\t\t\t\t\t\t\t<h2 style=\"text-align: left;\">Confirmations in general<\/h2>\n<p>Of course, we take allergies into account and are happy to prepare vegetarian alternatives, but it is important that you inform us as soon as possible and at least 7 days in advance.<\/p>\n<p>For lunch bookings, the room must be vacated by 17:00 unless otherwise agreed.<\/p>\n<p>All orders are valid and binding upon receipt of written confirmation from Niels Bugges Kro ApS.<\/p>\n<p>If you have any questions about the above, you are welcome to contact us on tel: 86 60 10 60.<\/p>\n<p><br><\/p>\n<h2 style=\"text-align: left;\">Arrangementer og selskaber<\/h2>\n<h5>Cancellation\/reduction and payment<\/h5>\n<p>Cancellation of events and parties must be made in writing by email to Niels Bugges Kro and will not take effect until Niels Bugges Kro has confirmed receipt in writing.<br>If you do not receive confirmation, please contact us by phone.<\/p>\n<h5>Ordinary Company - for which a planning meeting has been organised.<\/h5>\n<p>\u2013 Afbestilling af hele selskabsarrangementet kan ske indtil 1 m\u00e5ned f\u00f8r uden beregning.<\/p>\n<p>\u2013 Afbestilling af hele selskabsarrangementet senere end 1 m\u00e5ned indtil 1 uge f\u00f8r, afregnes med 50 % af arrangementsprisen.<\/p>\n<p>\u2013 Afbestilling af hele selskabsarrangementet senere end 1 uge f\u00f8r, afregnes med 100 % af arrangementsprisen.<\/p>\n<h5>Special events - Confirmation, Wedding and large parties for which one or more planning meetings have been organised.<\/h5>\n<p>\u2013 Afbestilling af hele selskabsarrangementet kan ske indtil 6 m\u00e5ned f\u00f8r uden beregning.<\/p>\n<p>\u2013 Afbestilling af hele selskabsarrangementet senere end 6 m\u00e5ned indtil 3 m\u00e5neder f\u00f8r, kan afregnes med 50 % af arrangementsprisen.<\/p>\n<p>\u2013 Afbestilling af hele selskabsarrangementet senere end 3 m\u00e5ned indtil 1 m\u00e5ned f\u00f8r, kan afregnes med 75 % af arrangementsprisen.<\/p>\n<p>\u2013 Afbestilling af hele selskabsarrangementet senere end 1 m\u00e5ned f\u00f8r, kan afregnes med 100 % af arrangementsprisen.<\/p>\n<h5>Reduktion af antal g\u00e6ster<\/h5>\n<p>Reduktion af antal g\u00e6ster 7 dage f\u00f8r selskabsarrangementet accepteres vederlagsfrit, s\u00e5fremt \u00e6ndring i g\u00e6steantal er p\u00e5 maksimum 10 % i forhold til antal angivet ved bestilling.<br>After that, the full cancellation fee will be charged for no-shows.<\/p>\n<h5>Payment options<\/h5>\n<p>Invoices can be sent after the event or payment can be made on the day, we accept cash, credit card and mobilepay.<\/p>\n<p><br><\/p>\n<h2 style=\"text-align: left;\">overnight stay<span style=\"letter-spacing: 3px;\">&nbsp;<\/span><span style=\"letter-spacing: 3px;\">and<\/span><span style=\"letter-spacing: 3px;\">&nbsp;<\/span><span style=\"letter-spacing: 3px;\">Stay<\/span><\/h2>\n<h4>Practicalities, cancellation and payment<\/h4>\n<p>Time for afternoon catering and dinner in the evening is agreed upon arrival.<\/p>\n<p>Check-in at Niels Bugges Kro is from 14:00 and the room must be vacated by 11:00 on the day of departure, unless otherwise agreed.<\/p>\n<p>Arrivals after 18:00 must be notified to Niels Bugges Kro in advance.<\/p>\n<p>Breakfast is served by appointment between 08:00 and 10:00.<\/p>\n<p>Of course, we take allergies into account and are happy to prepare vegetarian alternatives, but it is important that you inform us as soon as possible and at least 7 days in advance.<\/p>\n<p>If you have any individual requests, changes or questions about the confirmation, you are very welcome to contact us.<\/p>\n<p>There are no night porters at Niels Bugges Kro.<\/p>\n<h5>Cancellation policy<\/h5>\n<p>Stays can be cancelled free of charge up to 14 full days before arrival. If cancelled later than this, Niels Bugges Kro reserves the right to charge 50 % of the total amount for the stay (Tranquility, Insight, Experience, room booking).<\/p>\n<p>If cancelled later than 7 full days before arrival, Niels Bugges Kro reserves the right to charge 75 % of the amount for the stay (Tranquility, Insight, Experience, Room booking).<\/p>\n<p>If a rebooking is made after a cancellation according to the above, within 4 months, 50% of the above payment may be offset.&nbsp;<\/p>\n<h5>Payment options<\/h5>\n<p>Payment must be made on the day of departure, we accept cash, credit card and mobilepay.<\/p>\n<p><br><\/p>\n<h2 style=\"text-align: left;\">meetings\/courses\/conferences<\/h2>\n<h5>Cancellation\/reduction and payment<\/h5>\n<p>Afbestilling af hele m\u00f8det\/kurset\/konferencen kan rettidigt ske skriftligt senest 6 uger f\u00f8r dettes afholdelse. Modtager I ikke en bekr\u00e6ftelse herp\u00e5, skal i rette telefonisk henvendelse herom.<\/p>\n<p>Ved afbestillingen senere end 6 uger, f\u00f8r m\u00f8det\/kurset\/konferencen skal finde sted, kan Niels Bugges Kro kr\u00e6ve en godtg\u00f8relse, der svarer til 60 % af prisen for de bestilte ydelser. Hvis arrangementet flyttes til en anden dato, reduceres godtg\u00f8relsen til 30 %.<\/p>\n<p>Enhver form for reduktion i m\u00f8det\/kurset\/konferencen p\u00e5 op til 35 %, herunder i antallet af m\u00f8dedeltagere, tidsrum, overnatning m.v., skal rettidigt ske skriftligt senest 3 uger, f\u00f8r kurset\/konferencen finder sted. Herefter tages fuld betaling.&nbsp;<\/p>\n<p>Ved reduktion p\u00e5 mere end 35 % i antallet af deltagere eller ved enhver reduktion senere end 2 uger f\u00f8r, m\u00f8det\/kurset\/konferencen skal finde sted, kan Niels Bugges Kro v\u00e6lge at kr\u00e6ve fuld betaling for enhver reduktion, der ikke er meddelt Niels Bugges Kro rettidigt p\u00e5 skrift. Hvis arrangementet flyttes til en anden dato, reduceres betalingen for nuv\u00e6rende booking til 60%.<\/p>\n<h5>Payment options<\/h5>\n<p>Invoice or EAN can be sent after the meeting\/course\/conference or payment can be made after the meeting\/course\/conference, we accept cash, credit card and mobilepay.<\/p>\n<p>Niels Bugges Kro forbeholder sig retten til, at g\u00e6sten ved rettidig afbestilling betaler for ydelser, der ikke kan afbestilles, f.eks. musik, kontorartikler, apparatur og lignende, mod forevisning af regning.<\/p>\n<p>In the event of no-show, Niels Bugges Kro is entitled to charge the full price for the entire meeting\/course\/conference.<\/p>\n<h5>Sincerely yours<br>Niels Bugges Kro<\/h5>\t\t\t\t\t\t\t\t<\/div>\n\t\t\t\t<\/div>\n\t\t\t\t\t<\/div>\n\t\t<\/div>\n\t\t\t\t\t<\/div>\n\t\t<\/section>\n\t\t\t\t<\/div>","protected":false},"excerpt":{"rendered":"<p>Bekr\u00e6ftelser generelt Vi tager naturligvis hensyn til allergier og laver gerne vegetariske alternativer, men det er vigtigt, at I informerer os herom hurtigst muligt dog senest 7 dage f\u00f8r. Ved frokostreservationer skal lokalet forlades senest kl. 17:00, medmindre andet er aftalt. Alle bestillinger er g\u00e6ldende og bindende ved modtagelse af skriftlig bekr\u00e6ftelse fra Niels Bugges [&hellip;]<\/p>\n","protected":false},"author":8,"featured_media":0,"parent":0,"menu_order":0,"comment_status":"closed","ping_status":"closed","template":"blank-page.php","meta":{"_acf_changed":false,"footnotes":""},"class_list":["post-11176","page","type-page","status-publish","hentry"],"acf":[],"_links":{"self":[{"href":"https:\/\/nielsbuggeskro.dk\/en\/wp-json\/wp\/v2\/pages\/11176","targetHints":{"allow":["GET"]}}],"collection":[{"href":"https:\/\/nielsbuggeskro.dk\/en\/wp-json\/wp\/v2\/pages"}],"about":[{"href":"https:\/\/nielsbuggeskro.dk\/en\/wp-json\/wp\/v2\/types\/page"}],"author":[{"embeddable":true,"href":"https:\/\/nielsbuggeskro.dk\/en\/wp-json\/wp\/v2\/users\/8"}],"replies":[{"embeddable":true,"href":"https:\/\/nielsbuggeskro.dk\/en\/wp-json\/wp\/v2\/comments?post=11176"}],"version-history":[{"count":87,"href":"https:\/\/nielsbuggeskro.dk\/en\/wp-json\/wp\/v2\/pages\/11176\/revisions"}],"predecessor-version":[{"id":12168,"href":"https:\/\/nielsbuggeskro.dk\/en\/wp-json\/wp\/v2\/pages\/11176\/revisions\/12168"}],"wp:attachment":[{"href":"https:\/\/nielsbuggeskro.dk\/en\/wp-json\/wp\/v2\/media?parent=11176"}],"curies":[{"name":"wp","href":"https:\/\/api.w.org\/{rel}","templated":true}]}}